{"id":24,"date":"2016-08-09T07:55:02","date_gmt":"2016-08-09T07:55:02","guid":{"rendered":"https:\/\/themify.me\/demo\/themes\/ultra-restaurant\/?page_id=5654"},"modified":"2025-08-04T09:25:50","modified_gmt":"2025-08-04T08:25:50","slug":"contact","status":"publish","type":"page","link":"https:\/\/fritolin.com\/sl\/contact\/","title":{"rendered":"Kontakt"},"content":{"rendered":"<div id=\"themify_builder_content-24\" data-postid=\"24\" class=\"themify_builder_content themify_builder_content-24 themify_builder\">\n\n    \t\t\t\t<!-- module_row -->\n\t\t<div  class=\"themify_builder_row module_row clearfix fullcover fullwidth module_row_0 themify_builder_24_row module_row_24-0\">\n\t\t\t<div class=\"builder_row_cover\"><\/div>\t\t\t<div class=\"row_inner col_align_top\" >\n                            \n\t\t<div  class=\"module_column tb-column col-full first tb_24_column module_column_0 module_column_24-0-0\" >\n                                                                <div class=\"tb-column-inner\">\n                            \n\n    <!-- module fancy heading -->\n\t<div  id=\"fancy-heading-24-0-0-0\" class=\"module module-fancy-heading fancy-heading-24-0-0-0  wow fadeInDown\">\n\t\t\t\t\t<h1 class=\"fancy-heading themify-text-center\">\n\t\t\t\t<span class=\"maketable\">\n\t\t\t\t\t<span class=\"addBorder\"><\/span>\n\t\t\t\t\t<span class=\"fork-icon\"><\/span>\n\t\t\t\t\t<span class=\"addBorder\"><\/span>\n\t\t\t\t<\/span>\n\t\t\t\t<em class=\"sub-head\">Fritolin<\/em>\n\t\t\t\t<span class=\"main-head\">Kontaktiraj nas<\/span>\n\t\t\t\t<span class=\"bottomBorder\"><\/span>\n\t\t\t<\/h1>\n\t\t\t\t\n    <\/div>\n    <!-- \/module fancy heading -->\n\n                        <\/div>\n                    \t\t<\/div>\n\t\t                                <\/div>\n                                <!-- \/row_inner -->\n                        <\/div>\n                        <!-- \/module_row -->\n\t\t\t\t\t\t<!-- module_row -->\n\t\t<div  class=\"themify_builder_row module_row clearfix repeat fullwidth module_row_1 themify_builder_24_row module_row_24-1\">\n\t\t\t\t\t\t<div class=\"row_inner col_align_middle\"   data-basecol=\"3\" data-col_mobile=\"column-full\">\n                            \n\t\t<div  class=\"module_column tb-column col4-1 first tb_24_column module_column_0 module_column_24-1-0 repeat\" >\n                                        \t\t<\/div>\n\t\t\n\t\t<div  class=\"module_column tb-column col4-2 middle tb_24_column module_column_1 module_column_24-1-1\" >\n                                                                <div class=\"tb-column-inner\">\n                            \n\n    <!-- module icon -->\n    <div id=\"icon-24-1-1-0\" class=\"module icon-24-1-1-0   wow fadeInLeft\">\n        <!--insert-->\n        \n        <div class=\"module-icon large circle icon_vertical icon_position_left\">\n                            <div class=\"module-icon-item\">\n                                                                        <i class=\"fa fa-phone ui black\"><\/i>\n                                                                            <span><a href=\"tel:00386 70 256 156\">(+386) 70 256 156<\/a> <\/span>\n                                                                <\/div>\n                            <div class=\"module-icon-item\">\n                                                                        <i class=\"fa fa-envelope-o ui\"><\/i>\n                                                                            <span><a href=\"mailto:info@fritolin.com\">info@fritolin.com<\/a><\/span>\n                                                                <\/div>\n                            <div class=\"module-icon-item\">\n                                                                        <i class=\"fa fa-location-arrow ui\"><\/i>\n                                                                            <span><a target=\"_blank\" href=\"https:\/\/goo.gl\/maps\/zQi4PJP299s\">Pristani\u0161ka ulica 2 <\/br> Koper, Slovenija <\/a> <\/span>\n                                                                <\/div>\n                            <div class=\"module-icon-item\">\n                                                                        <i class=\"fa fa-clock-o ui\"><\/i>\n                                                                            <span>Ponedeljek - Nedelja  <\/br> 9:30 - 22:00<\/span>\n                                                                <\/div>\n                    <\/div>\n    <\/div>\n    <!-- \/module icon -->\n\n                        <\/div>\n                    \t\t<\/div>\n\t\t\n\t\t<div  class=\"module_column tb-column col4-1 last tb_24_column module_column_2 module_column_24-1-2\" >\n                                        \t\t<\/div>\n\t\t                                <\/div>\n                                <!-- \/row_inner -->\n                        <\/div>\n                        <!-- \/module_row -->\n\t\t\t\t\t\t<!-- module_row -->\n\t\t<div  class=\"themify_builder_row module_row clearfix module_row_2 themify_builder_24_row module_row_24-2\">\n\t\t\t\t\t\t<div class=\"row_inner col_align_top\" >\n                            \n\t\t<div  class=\"module_column tb-column col-full first tb_24_column module_column_0 module_column_24-2-0 repeat\" >\n                                                                <div class=\"tb-column-inner\">\n                            \n\n<!-- module text -->\n<div  id=\"text-24-2-0-0\" class=\"module module-text text-24-2-0-0  repeat  wow fadeInRight\">\n    <!--insert-->\n    \n        <h4>Sledi nam<\/h4>        <\/div>\n<!-- \/module text -->\n\n\n\n    <!-- module icon -->\n    <div id=\"icon-24-2-0-1\" class=\"module icon-24-2-0-1   wow fadeInRight\">\n        <!--insert-->\n        \n        <div class=\"module-icon xlarge none icon_horizontal icon_position_left\">\n                            <div class=\"module-icon-item\">\n                                            <a href=\"https:\/\/www.facebook.com\/FritolinKoper\/\" rel=\"noopener\" target=\"_blank\">\n                                                                            <i class=\"fa fa-facebook ui black\"><\/i>\n                                                                                                <\/a>\n                                    <\/div>\n                            <div class=\"module-icon-item\">\n                                            <a href=\"https:\/\/www.tripadvisor.com\/Restaurant_Review-g312722-d7047197-Reviews-Fritolin-Koper_Slovenian_Istria_Slovenian_Littoral_Region.html?m=19905\" rel=\"noopener\" target=\"_blank\">\n                                                                            <i class=\"fa fa-tripadvisor ui black\"><\/i>\n                                                                                                <\/a>\n                                    <\/div>\n                    <\/div>\n    <\/div>\n    <!-- \/module icon -->\n\n                        <\/div>\n                    \t\t<\/div>\n\t\t                                <\/div>\n                                <!-- \/row_inner -->\n                        <\/div>\n                        <!-- \/module_row -->\n\t\t<\/div>\n\n<div id=\"wpgmza_map\" class=\"wpgmza_map\" data-settings='{\"id\":\"1\",\"map_title\":\"Restaurant location\",\"map_width\":\"100\",\"map_height\":\"400\",\"map_start_lat\":\"45.546243\",\"map_start_lng\":\"13.727125\",\"map_start_location\":\"45.546242619733846,13.727124954412217\",\"map_start_zoom\":\"16\",\"default_marker\":\"0\",\"type\":\"1\",\"alignment\":\"2\",\"directions_enabled\":\"1\",\"styling_enabled\":\"0\",\"styling_json\":\"\",\"active\":\"0\",\"kml\":\"\",\"bicycle\":\"0\",\"traffic\":\"0\",\"dbox\":\"1\",\"dbox_width\":\"100\",\"listmarkers\":\"0\",\"listmarkers_advanced\":\"0\",\"filterbycat\":\"0\",\"ugm_enabled\":\"0\",\"ugm_category_enabled\":\"0\",\"fusion\":\"\",\"map_width_type\":\"\\\\%\",\"map_height_type\":\"px\",\"mass_marker_support\":\"1\",\"ugm_access\":\"0\",\"order_markers_by\":\"1\",\"order_markers_choice\":\"2\",\"show_user_location\":\"0\",\"default_to\":\"\",\"other_settings\":{\"store_locator_enabled\":2,\"store_locator_distance\":2,\"store_locator_default_radius\":\"10\",\"store_locator_not_found_message\":\"No results found in this location. Please try again.\",\"store_locator_bounce\":1,\"store_locator_query_string\":\"ZIP \\\/ Address:\",\"store_locator_default_address\":\"\",\"wpgmza_store_locator_restrict\":\"\",\"store_locator_style\":\"modern\",\"wpgmza_store_locator_radius_style\":\"modern\",\"map_max_zoom\":\"1\",\"transport_layer\":0,\"wpgmza_show_points_of_interest\":0}}' data-map-id='1' data-maps-engine='open-layers' data-shortcode-attributes='{\"id\":\"1\"}' style=\"display:block; overflow:auto; width:100%; height:400px; float:left;\"><\/div>","protected":false},"excerpt":{"rendered":"<p>Contact UsFritolin (+386) 70 256 156 info@fritolin.com Pristani\u0161ka ulica 2 Koper, Slovenia Monday &#8211; Sunday 9:30 &#8211; 22:00 Follow us<\/p>","protected":false},"author":1,"featured_media":0,"parent":0,"menu_order":0,"comment_status":"closed","ping_status":"closed","template":"","meta":{"footnotes":""},"yoast_head":"<!-- This site is optimized with the Yoast SEO plugin v22.9 - https:\/\/yoast.com\/wordpress\/plugins\/seo\/ -->\n<title>Contact - Fritolin Tr\u017enica Koper | Kalamari, Hobotnica, Ribe, Gamberi<\/title>\n<meta name=\"description\" content=\"Okusni in sve\u017ee pripravljeni lignji. Slastna hobotnica v solat. Velika izbira rib na \u017earu. Okusni gamberi na \u017earu\" \/>\n<meta name=\"robots\" content=\"index, follow, max-snippet:-1, max-image-preview:large, max-video-preview:-1\" \/>\n<link rel=\"canonical\" href=\"https:\/\/fritolin.com\/sl\/contact\/\" \/>\n<meta property=\"og:locale\" content=\"sl_SI\" \/>\n<meta property=\"og:type\" content=\"article\" \/>\n<meta property=\"og:title\" content=\"Contact - Fritolin Tr\u017enica Koper | Kalamari, Hobotnica, Ribe, Gamberi\" \/>\n<meta property=\"og:description\" content=\"Okusni in sve\u017ee pripravljeni lignji. Slastna hobotnica v solat. Velika izbira rib na \u017earu. Okusni gamberi na \u017earu\" \/>\n<meta property=\"og:url\" content=\"https:\/\/fritolin.com\/sl\/contact\/\" \/>\n<meta property=\"og:site_name\" content=\"Fritolin\" \/>\n<meta property=\"article:publisher\" content=\"https:\/\/www.facebook.com\/FritolinKoper\/\" \/>\n<meta property=\"article:modified_time\" content=\"2025-08-04T08:25:50+00:00\" \/>\n<meta name=\"twitter:card\" content=\"summary_large_image\" \/>\n<script type=\"application\/ld+json\" class=\"yoast-schema-graph\">{\"@context\":\"https:\/\/schema.org\",\"@graph\":[{\"@type\":\"WebPage\",\"@id\":\"https:\/\/fritolin.com\/sl\/contact\/\",\"url\":\"https:\/\/fritolin.com\/sl\/contact\/\",\"name\":\"Contact - Fritolin Tr\u017enica Koper | Kalamari, Hobotnica, Ribe, Gamberi\",\"isPartOf\":{\"@id\":\"https:\/\/fritolin.com\/sl\/#website\"},\"datePublished\":\"2016-08-09T07:55:02+00:00\",\"dateModified\":\"2025-08-04T08:25:50+00:00\",\"description\":\"Okusni in sve\u017ee pripravljeni lignji. Slastna hobotnica v solat. Velika izbira rib na \u017earu. Okusni gamberi na \u017earu\",\"breadcrumb\":{\"@id\":\"https:\/\/fritolin.com\/sl\/contact\/#breadcrumb\"},\"inLanguage\":\"sl-SI\",\"potentialAction\":[{\"@type\":\"ReadAction\",\"target\":[\"https:\/\/fritolin.com\/sl\/contact\/\"]}]},{\"@type\":\"BreadcrumbList\",\"@id\":\"https:\/\/fritolin.com\/sl\/contact\/#breadcrumb\",\"itemListElement\":[{\"@type\":\"ListItem\",\"position\":1,\"name\":\"Home\",\"item\":\"https:\/\/fritolin.com\/sl\/\"},{\"@type\":\"ListItem\",\"position\":2,\"name\":\"Contact\"}]},{\"@type\":\"WebSite\",\"@id\":\"https:\/\/fritolin.com\/sl\/#website\",\"url\":\"https:\/\/fritolin.com\/sl\/\",\"name\":\"Fritolin Koper\",\"description\":\"Fish food to go - Fast food restaurant\",\"publisher\":{\"@id\":\"https:\/\/fritolin.com\/sl\/#organization\"},\"potentialAction\":[{\"@type\":\"SearchAction\",\"target\":{\"@type\":\"EntryPoint\",\"urlTemplate\":\"https:\/\/fritolin.com\/sl\/?s={search_term_string}\"},\"query-input\":\"required name=search_term_string\"}],\"inLanguage\":\"sl-SI\"},{\"@type\":\"Organization\",\"@id\":\"https:\/\/fritolin.com\/sl\/#organization\",\"name\":\"Fritolin Koper\",\"url\":\"https:\/\/fritolin.com\/sl\/\",\"logo\":{\"@type\":\"ImageObject\",\"inLanguage\":\"sl-SI\",\"@id\":\"https:\/\/fritolin.com\/sl\/#\/schema\/logo\/image\/\",\"url\":\"https:\/\/fritolin.com\/wp-content\/uploads\/2019\/08\/logo-fritolin.jpg\",\"contentUrl\":\"https:\/\/fritolin.com\/wp-content\/uploads\/2019\/08\/logo-fritolin.jpg\",\"width\":920,\"height\":920,\"caption\":\"Fritolin Koper\"},\"image\":{\"@id\":\"https:\/\/fritolin.com\/sl\/#\/schema\/logo\/image\/\"},\"sameAs\":[\"https:\/\/www.facebook.com\/FritolinKoper\/\"]}]}<\/script>\n<!-- \/ Yoast SEO plugin. -->","yoast_head_json":{"title":"Contact - Fritolin Tr\u017enica Koper | Kalamari, Hobotnica, Ribe, Gamberi","description":"Okusni in sve\u017ee pripravljeni lignji. Slastna hobotnica v solat. Velika izbira rib na \u017earu. Okusni gamberi na \u017earu","robots":{"index":"index","follow":"follow","max-snippet":"max-snippet:-1","max-image-preview":"max-image-preview:large","max-video-preview":"max-video-preview:-1"},"canonical":"https:\/\/fritolin.com\/sl\/contact\/","og_locale":"sl_SI","og_type":"article","og_title":"Contact - Fritolin Tr\u017enica Koper | Kalamari, Hobotnica, Ribe, Gamberi","og_description":"Okusni in sve\u017ee pripravljeni lignji. Slastna hobotnica v solat. Velika izbira rib na \u017earu. Okusni gamberi na \u017earu","og_url":"https:\/\/fritolin.com\/sl\/contact\/","og_site_name":"Fritolin","article_publisher":"https:\/\/www.facebook.com\/FritolinKoper\/","article_modified_time":"2025-08-04T08:25:50+00:00","twitter_card":"summary_large_image","schema":{"@context":"https:\/\/schema.org","@graph":[{"@type":"WebPage","@id":"https:\/\/fritolin.com\/sl\/contact\/","url":"https:\/\/fritolin.com\/sl\/contact\/","name":"Contact - Fritolin Tr\u017enica Koper | Kalamari, Hobotnica, Ribe, Gamberi","isPartOf":{"@id":"https:\/\/fritolin.com\/sl\/#website"},"datePublished":"2016-08-09T07:55:02+00:00","dateModified":"2025-08-04T08:25:50+00:00","description":"Okusni in sve\u017ee pripravljeni lignji. Slastna hobotnica v solat. Velika izbira rib na \u017earu. Okusni gamberi na \u017earu","breadcrumb":{"@id":"https:\/\/fritolin.com\/sl\/contact\/#breadcrumb"},"inLanguage":"sl-SI","potentialAction":[{"@type":"ReadAction","target":["https:\/\/fritolin.com\/sl\/contact\/"]}]},{"@type":"BreadcrumbList","@id":"https:\/\/fritolin.com\/sl\/contact\/#breadcrumb","itemListElement":[{"@type":"ListItem","position":1,"name":"Home","item":"https:\/\/fritolin.com\/sl\/"},{"@type":"ListItem","position":2,"name":"Contact"}]},{"@type":"WebSite","@id":"https:\/\/fritolin.com\/sl\/#website","url":"https:\/\/fritolin.com\/sl\/","name":"Fritolin Koper","description":"Fish food to go - Fast food restaurant","publisher":{"@id":"https:\/\/fritolin.com\/sl\/#organization"},"potentialAction":[{"@type":"SearchAction","target":{"@type":"EntryPoint","urlTemplate":"https:\/\/fritolin.com\/sl\/?s={search_term_string}"},"query-input":"required name=search_term_string"}],"inLanguage":"sl-SI"},{"@type":"Organization","@id":"https:\/\/fritolin.com\/sl\/#organization","name":"Fritolin Koper","url":"https:\/\/fritolin.com\/sl\/","logo":{"@type":"ImageObject","inLanguage":"sl-SI","@id":"https:\/\/fritolin.com\/sl\/#\/schema\/logo\/image\/","url":"https:\/\/fritolin.com\/wp-content\/uploads\/2019\/08\/logo-fritolin.jpg","contentUrl":"https:\/\/fritolin.com\/wp-content\/uploads\/2019\/08\/logo-fritolin.jpg","width":920,"height":920,"caption":"Fritolin Koper"},"image":{"@id":"https:\/\/fritolin.com\/sl\/#\/schema\/logo\/image\/"},"sameAs":["https:\/\/www.facebook.com\/FritolinKoper\/"]}]}},"_links":{"self":[{"href":"https:\/\/fritolin.com\/sl\/wp-json\/wp\/v2\/pages\/24"}],"collection":[{"href":"https:\/\/fritolin.com\/sl\/wp-json\/wp\/v2\/pages"}],"about":[{"href":"https:\/\/fritolin.com\/sl\/wp-json\/wp\/v2\/types\/page"}],"author":[{"embeddable":true,"href":"https:\/\/fritolin.com\/sl\/wp-json\/wp\/v2\/users\/1"}],"replies":[{"embeddable":true,"href":"https:\/\/fritolin.com\/sl\/wp-json\/wp\/v2\/comments?post=24"}],"version-history":[{"count":72,"href":"https:\/\/fritolin.com\/sl\/wp-json\/wp\/v2\/pages\/24\/revisions"}],"predecessor-version":[{"id":378,"href":"https:\/\/fritolin.com\/sl\/wp-json\/wp\/v2\/pages\/24\/revisions\/378"}],"wp:attachment":[{"href":"https:\/\/fritolin.com\/sl\/wp-json\/wp\/v2\/media?parent=24"}],"curies":[{"name":"wp","href":"https:\/\/api.w.org\/{rel}","templated":true}]}}